{"id":73,"date":"2022-10-13T12:38:52","date_gmt":"2022-10-13T12:38:52","guid":{"rendered":"https:\/\/bettinaroessler.com\/?page_id=73"},"modified":"2024-10-17T13:42:45","modified_gmt":"2024-10-17T13:42:45","slug":"impressum","status":"publish","type":"page","link":"https:\/\/bettinaroessler.com\/index.php\/impressum\/","title":{"rendered":"Impressum"},"content":{"rendered":"\t\t<div data-elementor-type=\"wp-page\" data-elementor-id=\"73\" class=\"elementor elementor-73\">\n\t\t\t\t<div class=\"elementor-element elementor-element-69d5f86 e-flex e-con-boxed e-con e-parent\" data-id=\"69d5f86\" data-element_type=\"container\">\n\t\t\t\t\t<div class=\"e-con-inner\">\n\t\t\t\t<div class=\"elementor-element elementor-element-18f205c elementor-widget elementor-widget-text-editor\" data-id=\"18f205c\" data-element_type=\"widget\" data-widget_type=\"text-editor.default\">\n\t\t\t\t<div class=\"elementor-widget-container\">\n\t\t\t\t\t\t\t\t\t<p class=\"has-text-color\">F\u00fcr den Inhalt verantwortlich<\/p>\n<p class=\"has-text-color\">Mag. Bettina R\u00f6ssler<br \/>Stumpergasse 48\/23<br \/>1060 Wien<br \/>\u00d6sterreich<br \/>+43 677 677 010 11<br \/>office@bettinaroessler.com<\/p>\n<p>\u00a0<\/p>\n<p class=\"has-text-color\">UID-Nr: Preise ohne USt.<\/p>\n<p class=\"has-text-color\">Rechtsform: Einzelunternehmen<\/p>\n<p>Kleinunternehmen im Sinne des Umsatzsteuergesetzes.<\/p>\n<p class=\"has-text-color\">Gewerbe: Lebens- und Sozialberatung, eingeschr\u00e4nkt auf psychologische Beratung<\/p>\n<p class=\"has-text-color\">Gewerbeordnung: www.ris.bka.gv.at<\/p>\n<p class=\"has-text-color\">Mitglied der WKO<\/p>\n<p class=\"has-text-color\">Der Nutzung von im Rahmen der Impressumspflicht ver\u00f6ffentlichten Kontaktdaten durch Dritte zur \u00dcbersendung von nicht ausdr\u00fccklich angeforderter Werbung und Informationsmaterialien wird hiermit ausdr\u00fccklich widersprochen. Die Betreiber der Seiten behalten sich ausdr\u00fccklich rechtliche Schritte im Falle der unverlangten Zusendung von Werbeinformationen, etwa durch Spam-Mails, vor.<\/p>\n<p class=\"has-text-color\">Urheberrecht:<br \/>Alle Texte und Bilder auf dieser Webseite sind urheberrechtlich gesch\u00fctzt und d\u00fcrfen weder digital\u00a0noch auf andere Weise reproduziert oder zu kommerziellen Zwecken benutzt werden. Urheberrechtsverletzungen k\u00f6nnen strafrechtliche Konsequenzen sowie Schadensersatzforderungen zur Folge haben.<\/p>\n<p class=\"has-text-color\">Fotos von\u00a0<\/p>\n<p class=\"has-text-color\">Andrea Kutilin\u00a0<br \/>Markus R\u00f6ssler<br \/>Bettina R\u00f6ssler<\/p>\n<p class=\"has-text-color\">Die Verantwortung f\u00fcr Inhalte von Links zu Dritten obliegt ausschlie\u00dflich dem Anbieter bzw. Betreiber der jeweiligen Webseite. Wir machen ausdr\u00fccklich darauf aufmerksam, dass keine Haftung oder Verantwortung f\u00fcr Inhalte von Dritten \u00fcbernommen wird.<\/p>\t\t\t\t\t\t\t\t<\/div>\n\t\t\t\t<\/div>\n\t\t\t\t\t<\/div>\n\t\t\t\t<\/div>\n\t\t\t\t<\/div>\n\t\t","protected":false},"excerpt":{"rendered":"<p>F\u00fcr den Inhalt verantwortlich Mag. Bettina R\u00f6sslerStumpergasse 48\/231060 Wien\u00d6sterreich+43 677 677 010 11office@bettinaroessler.com \u00a0 UID-Nr: Preise ohne USt. Rechtsform: Einzelunternehmen Kleinunternehmen im Sinne des Umsatzsteuergesetzes. Gewerbe: Lebens- und Sozialberatung, eingeschr\u00e4nkt auf psychologische Beratung Gewerbeordnung: www.ris.bka.gv.at Mitglied der WKO Der Nutzung von im Rahmen der Impressumspflicht ver\u00f6ffentlichten Kontaktdaten durch Dritte zur \u00dcbersendung von nicht ausdr\u00fccklich angeforderter &hellip; <\/p>\n<p class=\"link-more\"><a href=\"https:\/\/bettinaroessler.com\/index.php\/impressum\/\" class=\"more-link\">Read more<span class=\"screen-reader-text\"> &#8222;Impressum&#8220;<\/span><\/a><\/p>\n","protected":false},"author":1,"featured_media":0,"parent":0,"menu_order":0,"comment_status":"closed","ping_status":"closed","template":"","meta":{"footnotes":""},"class_list":["post-73","page","type-page","status-publish","hentry"],"_links":{"self":[{"href":"https:\/\/bettinaroessler.com\/index.php\/wp-json\/wp\/v2\/pages\/73","targetHints":{"allow":["GET"]}}],"collection":[{"href":"https:\/\/bettinaroessler.com\/index.php\/wp-json\/wp\/v2\/pages"}],"about":[{"href":"https:\/\/bettinaroessler.com\/index.php\/wp-json\/wp\/v2\/types\/page"}],"author":[{"embeddable":true,"href":"https:\/\/bettinaroessler.com\/index.php\/wp-json\/wp\/v2\/users\/1"}],"replies":[{"embeddable":true,"href":"https:\/\/bettinaroessler.com\/index.php\/wp-json\/wp\/v2\/comments?post=73"}],"version-history":[{"count":8,"href":"https:\/\/bettinaroessler.com\/index.php\/wp-json\/wp\/v2\/pages\/73\/revisions"}],"predecessor-version":[{"id":1102,"href":"https:\/\/bettinaroessler.com\/index.php\/wp-json\/wp\/v2\/pages\/73\/revisions\/1102"}],"wp:attachment":[{"href":"https:\/\/bettinaroessler.com\/index.php\/wp-json\/wp\/v2\/media?parent=73"}],"curies":[{"name":"wp","href":"https:\/\/api.w.org\/{rel}","templated":true}]}}