{"id":662,"date":"2022-12-02T19:59:29","date_gmt":"2022-12-02T19:59:29","guid":{"rendered":"https:\/\/bettinaroessler.com\/?page_id=662"},"modified":"2024-12-16T12:53:11","modified_gmt":"2024-12-16T12:53:11","slug":"preise","status":"publish","type":"page","link":"https:\/\/bettinaroessler.com\/index.php\/preise\/","title":{"rendered":"Preise"},"content":{"rendered":"\t\t<div data-elementor-type=\"wp-page\" data-elementor-id=\"662\" class=\"elementor elementor-662\">\n\t\t\t\t<div class=\"elementor-element elementor-element-68d551e e-flex e-con-boxed e-con e-parent\" data-id=\"68d551e\" data-element_type=\"container\">\n\t\t\t\t\t<div class=\"e-con-inner\">\n\t\t<div class=\"elementor-element elementor-element-6f6c05f e-con-full e-flex e-con e-child\" data-id=\"6f6c05f\" data-element_type=\"container\">\n\t\t\t\t<div class=\"elementor-element elementor-element-511414a elementor-widget elementor-widget-heading\" data-id=\"511414a\" data-element_type=\"widget\" data-widget_type=\"heading.default\">\n\t\t\t\t<div class=\"elementor-widget-container\">\n\t\t\t\t\t<h5 class=\"elementor-heading-title elementor-size-default\">Coaching &amp; Counseling<\/h5>\t\t\t\t<\/div>\n\t\t\t\t<\/div>\n\t\t\t\t<div class=\"elementor-element elementor-element-c888a1a elementor-widget elementor-widget-text-editor\" data-id=\"c888a1a\" data-element_type=\"widget\" data-widget_type=\"text-editor.default\">\n\t\t\t\t<div class=\"elementor-widget-container\">\n\t\t\t\t\t\t\t\t\t<p class=\"has-text-color\"><em>Einzelarbeit: <\/em>90\u00a0Euro pro Einheit (ca. 60 Minuten) \u2013 jede Einheit wird individuell auf deine Bed\u00fcrfnisse abgestimmt.\u00a0<\/p><p class=\"has-text-color\"><em>Gruppen:<\/em> Gerne erstelle ich ein Angebot nach einem pers\u00f6nlichen Vorgespr\u00e4ch.\u00a0<\/p>\t\t\t\t\t\t\t\t<\/div>\n\t\t\t\t<\/div>\n\t\t\t\t<\/div>\n\t\t<div class=\"elementor-element elementor-element-d46d6dd e-con-full e-flex e-con e-child\" data-id=\"d46d6dd\" data-element_type=\"container\">\n\t\t\t\t<div class=\"elementor-element elementor-element-168a508 elementor-widget elementor-widget-heading\" data-id=\"168a508\" data-element_type=\"widget\" data-widget_type=\"heading.default\">\n\t\t\t\t<div class=\"elementor-widget-container\">\n\t\t\t\t\t<h5 class=\"elementor-heading-title elementor-size-default\">Embodiment &amp; Yoga<\/h5>\t\t\t\t<\/div>\n\t\t\t\t<\/div>\n\t\t\t\t<div class=\"elementor-element elementor-element-7a12105 elementor-widget elementor-widget-text-editor\" data-id=\"7a12105\" data-element_type=\"widget\" data-widget_type=\"text-editor.default\">\n\t\t\t\t<div class=\"elementor-widget-container\">\n\t\t\t\t\t\t\t\t\t<p>Wenn du eine auf dich ma\u00dfgeschneiderte\u00a0<span style=\"color: var( --e-global-color-text ); font-family: var( --e-global-typography-text-font-family ), Sans-serif; text-align: var(--text-align);\">Yoga- oder Embodiment-Einheit suchst, buche eine private Session.<br \/><\/span><span style=\"color: var( --e-global-color-text ); font-family: var( --e-global-typography-text-font-family ), Sans-serif; text-align: var(--text-align);\">Diese kostet 80 Euro.\u00a0<\/span><\/p><p><span style=\"color: var( --e-global-color-text ); font-family: var( --e-global-typography-text-font-family ), Sans-serif; text-align: var(--text-align);\"><em>Gruppen<\/em>: Preis auf Anfrage<\/span><\/p>\t\t\t\t\t\t\t\t<\/div>\n\t\t\t\t<\/div>\n\t\t\t\t<\/div>\n\t\t\t\t\t<\/div>\n\t\t\t\t<\/div>\n\t\t<div class=\"elementor-element elementor-element-abe959e e-flex e-con-boxed e-con e-parent\" data-id=\"abe959e\" data-element_type=\"container\">\n\t\t\t\t\t<div class=\"e-con-inner\">\n\t\t<div class=\"elementor-element elementor-element-99e9071 e-con-full e-flex e-con e-child\" data-id=\"99e9071\" data-element_type=\"container\">\n\t\t\t\t<div class=\"elementor-element elementor-element-558bf91 elementor-widget elementor-widget-text-editor\" data-id=\"558bf91\" data-element_type=\"widget\" data-widget_type=\"text-editor.default\">\n\t\t\t\t<div class=\"elementor-widget-container\">\n\t\t\t\t\t\t\t\t\t<main id=\"content\" class=\"site-main post-662 page type-page status-publish hentry\">\n<div class=\"page-content\">\n<p><strong>Ich freue mich darauf, dich auf deinem Weg begleiten zu d\u00fcrfen!<\/strong><\/p>\n<p>\u00a0<\/p>\n<p class=\"has-text-color\">Das Leben l\u00e4uft leider nicht immer so, wie man es sich w\u00fcnscht. Wenn du dich in einer schwierigen finanziellen Situation befindest, z\u00f6gere nicht mir zu schreiben, wir finden eine individuell abgestimmte L\u00f6sung.<\/p>\n<p class=\"has-text-color\">\u00a0<\/p>\n<p>\u00a0<\/p>\n<p>\u00a0<\/p>\n<\/div>\n<\/main>\t\t\t\t\t\t\t\t<\/div>\n\t\t\t\t<\/div>\n\t\t\t\t<\/div>\n\t\t<div class=\"elementor-element elementor-element-b1edb43 e-con-full e-flex e-con e-child\" data-id=\"b1edb43\" data-element_type=\"container\">\n\t\t\t\t<\/div>\n\t\t\t\t\t<\/div>\n\t\t\t\t<\/div>\n\t\t<div class=\"elementor-element elementor-element-c1d752e e-flex e-con-boxed e-con e-parent\" data-id=\"c1d752e\" data-element_type=\"container\">\n\t\t\t\t\t<div class=\"e-con-inner\">\n\t\t\t\t\t<\/div>\n\t\t\t\t<\/div>\n\t\t\t\t<\/div>\n\t\t","protected":false},"excerpt":{"rendered":"<p>Coaching &amp; Counseling Einzelarbeit: 90\u00a0Euro pro Einheit (ca. 60 Minuten) \u2013 jede Einheit wird individuell auf deine Bed\u00fcrfnisse abgestimmt.\u00a0 Gruppen: Gerne erstelle ich ein Angebot nach einem pers\u00f6nlichen Vorgespr\u00e4ch.\u00a0 Embodiment &amp; Yoga Wenn du eine auf dich ma\u00dfgeschneiderte\u00a0Yoga- oder Embodiment-Einheit suchst, buche eine private Session.Diese kostet 80 Euro.\u00a0 Gruppen: Preis auf Anfrage Ich freue mich &hellip; <\/p>\n<p class=\"link-more\"><a href=\"https:\/\/bettinaroessler.com\/index.php\/preise\/\" class=\"more-link\">Read more<span class=\"screen-reader-text\"> &#8222;Preise&#8220;<\/span><\/a><\/p>\n","protected":false},"author":1,"featured_media":0,"parent":0,"menu_order":0,"comment_status":"closed","ping_status":"closed","template":"","meta":{"footnotes":""},"class_list":["post-662","page","type-page","status-publish","hentry"],"_links":{"self":[{"href":"https:\/\/bettinaroessler.com\/index.php\/wp-json\/wp\/v2\/pages\/662","targetHints":{"allow":["GET"]}}],"collection":[{"href":"https:\/\/bettinaroessler.com\/index.php\/wp-json\/wp\/v2\/pages"}],"about":[{"href":"https:\/\/bettinaroessler.com\/index.php\/wp-json\/wp\/v2\/types\/page"}],"author":[{"embeddable":true,"href":"https:\/\/bettinaroessler.com\/index.php\/wp-json\/wp\/v2\/users\/1"}],"replies":[{"embeddable":true,"href":"https:\/\/bettinaroessler.com\/index.php\/wp-json\/wp\/v2\/comments?post=662"}],"version-history":[{"count":51,"href":"https:\/\/bettinaroessler.com\/index.php\/wp-json\/wp\/v2\/pages\/662\/revisions"}],"predecessor-version":[{"id":2017,"href":"https:\/\/bettinaroessler.com\/index.php\/wp-json\/wp\/v2\/pages\/662\/revisions\/2017"}],"wp:attachment":[{"href":"https:\/\/bettinaroessler.com\/index.php\/wp-json\/wp\/v2\/media?parent=662"}],"curies":[{"name":"wp","href":"https:\/\/api.w.org\/{rel}","templated":true}]}}