{"id":49,"date":"2022-10-13T12:19:04","date_gmt":"2022-10-13T12:19:04","guid":{"rendered":"https:\/\/bettinaroessler.com\/?page_id=49"},"modified":"2025-08-25T09:40:45","modified_gmt":"2025-08-25T09:40:45","slug":"embodiment","status":"publish","type":"page","link":"https:\/\/bettinaroessler.com\/index.php\/embodiment\/","title":{"rendered":"Embodiment"},"content":{"rendered":"\t\t<div data-elementor-type=\"wp-page\" data-elementor-id=\"49\" class=\"elementor elementor-49\">\n\t\t\t\t<div class=\"elementor-element elementor-element-61c8a10 e-flex e-con-boxed e-con e-parent\" data-id=\"61c8a10\" data-element_type=\"container\">\n\t\t\t\t\t<div class=\"e-con-inner\">\n\t\t\t\t<div class=\"elementor-element elementor-element-4253fb2 elementor-widget elementor-widget-heading\" data-id=\"4253fb2\" data-element_type=\"widget\" data-widget_type=\"heading.default\">\n\t\t\t\t<div class=\"elementor-widget-container\">\n\t\t\t\t\t<h4 class=\"elementor-heading-title elementor-size-default\">Die Non-Linear Movement Method\u00ae \u2013 Deine Reise zu innerem Gleichgewicht und Gelassenheit\n<\/h4>\t\t\t\t<\/div>\n\t\t\t\t<\/div>\n\t\t\t\t\t<\/div>\n\t\t\t\t<\/div>\n\t\t<div class=\"elementor-element elementor-element-047ab6b e-flex e-con-boxed e-con e-parent\" data-id=\"047ab6b\" data-element_type=\"container\">\n\t\t\t\t\t<div class=\"e-con-inner\">\n\t\t\t\t<div class=\"elementor-element elementor-element-f72bbe2 elementor-widget elementor-widget-image\" data-id=\"f72bbe2\" data-element_type=\"widget\" data-widget_type=\"image.default\">\n\t\t\t\t<div class=\"elementor-widget-container\">\n\t\t\t\t\t\t\t\t\t\t\t\t\t\t\t<img fetchpriority=\"high\" decoding=\"async\" width=\"2560\" height=\"927\" src=\"https:\/\/bettinaroessler.com\/wp-content\/uploads\/2022\/10\/E4B78E02-552C-4F63-A617-1F039749D7DC-2-scaled.jpg\" class=\"attachment-full size-full wp-image-201\" alt=\"\" srcset=\"https:\/\/bettinaroessler.com\/wp-content\/uploads\/2022\/10\/E4B78E02-552C-4F63-A617-1F039749D7DC-2-scaled.jpg 2560w, https:\/\/bettinaroessler.com\/wp-content\/uploads\/2022\/10\/E4B78E02-552C-4F63-A617-1F039749D7DC-2-300x109.jpg 300w, https:\/\/bettinaroessler.com\/wp-content\/uploads\/2022\/10\/E4B78E02-552C-4F63-A617-1F039749D7DC-2-1024x371.jpg 1024w, https:\/\/bettinaroessler.com\/wp-content\/uploads\/2022\/10\/E4B78E02-552C-4F63-A617-1F039749D7DC-2-768x278.jpg 768w, https:\/\/bettinaroessler.com\/wp-content\/uploads\/2022\/10\/E4B78E02-552C-4F63-A617-1F039749D7DC-2-1536x556.jpg 1536w, https:\/\/bettinaroessler.com\/wp-content\/uploads\/2022\/10\/E4B78E02-552C-4F63-A617-1F039749D7DC-2-2048x742.jpg 2048w, https:\/\/bettinaroessler.com\/wp-content\/uploads\/2022\/10\/E4B78E02-552C-4F63-A617-1F039749D7DC-2-scaled-2000x724.jpg 2000w\" sizes=\"100vw\" \/>\t\t\t\t\t\t\t\t\t\t\t\t\t\t\t<\/div>\n\t\t\t\t<\/div>\n\t\t\t\t\t<\/div>\n\t\t\t\t<\/div>\n\t\t<div class=\"elementor-element elementor-element-79334d7 e-flex e-con-boxed e-con e-parent\" data-id=\"79334d7\" data-element_type=\"container\">\n\t\t\t\t\t<div class=\"e-con-inner\">\n\t\t<div class=\"elementor-element elementor-element-cdf9bd9 e-con-full e-flex e-con e-child\" data-id=\"cdf9bd9\" data-element_type=\"container\">\n\t\t\t\t<div class=\"elementor-element elementor-element-5a88cea elementor-widget elementor-widget-text-editor\" data-id=\"5a88cea\" data-element_type=\"widget\" data-widget_type=\"text-editor.default\">\n\t\t\t\t<div class=\"elementor-widget-container\">\n\t\t\t\t\t\t\t\t\t<p class=\"has-text-color\">Die\u00a0<strong>Non-Linear Movement Method\u00ae (NLM)<\/strong>\u00a0ist eine ganzheitliche <strong>Embodimentpraxis<\/strong>, die sich durch ihre einfache Anwendung und maximale Freiheit auszeichnet.\u00a0<\/p><p class=\"has-text-color\">Embodiment selbst beschreibt die Idee, dass dein <strong>K\u00f6rper und deine Bewegungen untrennbar<\/strong> mit deiner <strong>emotionalen und psychischen Verfassung verbunden<\/strong> ist. Was du f\u00fchlst, spiegelt sich in deiner K\u00f6rperhaltung wider, und umgekehrt beeinflusst die Art, wie du deinen K\u00f6rper nutzt und bewegst, dein inneres Erleben. In der Praxis geht es darum, durch den K\u00f6rper einen direkten Zugang zu deinem inneren Erleben zu schaffen.\u00a0<\/p><p class=\"has-text-color\">So hilft dir<strong> NLM<\/strong>, deine innere Welt zu erkunden und dein Nervensystem zu beruhigen. Die Methode ist besonders wirkungsvoll, wenn es darum geht, Anspannungen und Blockaden sanft zu l\u00f6sen. Durch die bewusste, freie Bewegung kommst du in Kontakt mit deinem K\u00f6rper und deinen Gef\u00fchlen \u2013 ohne Druck, ohne Vorgaben. Jeder Mensch ist einzigartig, und genau das respektiert diese Methode. Die minimalen Anweisungen erm\u00f6glichen dir, deine eigene, individuelle Erfahrung zu machen.<\/p><p class=\"has-text-align-left has-text-color\">Die\u00a0<strong>Non-Linear Movement Method\u00ae<\/strong>\u00a0wurde \u00fcber Jahrzehnte von\u00a0<strong>Michaela Boehm<\/strong>\u00a0entwickelt. Michaela ist international f\u00fcr ihre Arbeit mit Top-Performern bekannt \u2013 von Oscar- und Grammy-Gewinner*innen bis hin zu erfolgreichen Gesch\u00e4ftsleuten. Ihre Praxis wurde unter anderem in\u00a0<strong>Gwyneth Paltrow\u2019s Netflix-Show \u201eSex, Love &amp; Goop\u201c<\/strong>\u00a0sowie in\u00a0<strong>Will Smith\u2018s Autobiografie \u201eWill\u201c<\/strong>\u00a0vorgestellt.<\/p><p class=\"has-text-color\">Die Methode kombiniert\u00a0<strong>\u00f6stliches Wissen\u00a0<\/strong>aus dem\u00a0<strong>Kashmir Shaivismus<\/strong>\u00a0mit\u00a0<strong>westlicher Psychologie\u00a0<\/strong>und klinischer Erfahrung in den Bereichen Trauma, Sucht und Pers\u00f6nlichkeitsentwicklung.\u00a0<strong>Steve James<\/strong>\u00a0hat die Methode letztlich dahingehend adaptiert, dass sie weltweit unterrichtet werden kann.<\/p><p class=\"has-text-color\">M\u00f6chtest du dieses einzigartige Erlebnis selbst erfahren?<\/p><p class=\"has-text-color\"><strong><a title=\"\" href=\"https:\/\/bettinaroessler.com\/index.php\/buchen\/\" target=\"_blank\" rel=\"noopener\">Hier kannst du deine Session buchen<\/a><\/strong>\u00a0\u2013 ich freue mich darauf, dich pers\u00f6nlich im Studio oder online begr\u00fc\u00dfen zu d\u00fcrfen!<\/p>\t\t\t\t\t\t\t\t<\/div>\n\t\t\t\t<\/div>\n\t\t\t\t<\/div>\n\t\t\t\t\t<\/div>\n\t\t\t\t<\/div>\n\t\t<div class=\"elementor-element elementor-element-2ae55b4 e-flex e-con-boxed e-con e-parent\" data-id=\"2ae55b4\" data-element_type=\"container\">\n\t\t\t\t\t<div class=\"e-con-inner\">\n\t\t\t\t\t<\/div>\n\t\t\t\t<\/div>\n\t\t\t\t<\/div>\n\t\t","protected":false},"excerpt":{"rendered":"<p>Die Non-Linear Movement Method\u00ae \u2013 Deine Reise zu innerem Gleichgewicht und Gelassenheit Die\u00a0Non-Linear Movement Method\u00ae (NLM)\u00a0ist eine ganzheitliche Embodimentpraxis, die sich durch ihre einfache Anwendung und maximale Freiheit auszeichnet.\u00a0 Embodiment selbst beschreibt die Idee, dass dein K\u00f6rper und deine Bewegungen untrennbar mit deiner emotionalen und psychischen Verfassung verbunden ist. Was du f\u00fchlst, spiegelt sich in &hellip; <\/p>\n<p class=\"link-more\"><a href=\"https:\/\/bettinaroessler.com\/index.php\/embodiment\/\" class=\"more-link\">Read more<span class=\"screen-reader-text\"> &#8222;Embodiment&#8220;<\/span><\/a><\/p>\n","protected":false},"author":1,"featured_media":0,"parent":0,"menu_order":0,"comment_status":"closed","ping_status":"closed","template":"","meta":{"footnotes":""},"class_list":["post-49","page","type-page","status-publish","hentry"],"_links":{"self":[{"href":"https:\/\/bettinaroessler.com\/index.php\/wp-json\/wp\/v2\/pages\/49","targetHints":{"allow":["GET"]}}],"collection":[{"href":"https:\/\/bettinaroessler.com\/index.php\/wp-json\/wp\/v2\/pages"}],"about":[{"href":"https:\/\/bettinaroessler.com\/index.php\/wp-json\/wp\/v2\/types\/page"}],"author":[{"embeddable":true,"href":"https:\/\/bettinaroessler.com\/index.php\/wp-json\/wp\/v2\/users\/1"}],"replies":[{"embeddable":true,"href":"https:\/\/bettinaroessler.com\/index.php\/wp-json\/wp\/v2\/comments?post=49"}],"version-history":[{"count":60,"href":"https:\/\/bettinaroessler.com\/index.php\/wp-json\/wp\/v2\/pages\/49\/revisions"}],"predecessor-version":[{"id":2565,"href":"https:\/\/bettinaroessler.com\/index.php\/wp-json\/wp\/v2\/pages\/49\/revisions\/2565"}],"wp:attachment":[{"href":"https:\/\/bettinaroessler.com\/index.php\/wp-json\/wp\/v2\/media?parent=49"}],"curies":[{"name":"wp","href":"https:\/\/api.w.org\/{rel}","templated":true}]}}