{"id":48,"date":"2022-10-13T12:19:04","date_gmt":"2022-10-13T12:19:04","guid":{"rendered":"https:\/\/bettinaroessler.com\/?page_id=48"},"modified":"2024-12-13T13:12:27","modified_gmt":"2024-12-13T13:12:27","slug":"yoga","status":"publish","type":"page","link":"https:\/\/bettinaroessler.com\/index.php\/yoga\/","title":{"rendered":"Yoga"},"content":{"rendered":"\t\t<div data-elementor-type=\"wp-page\" data-elementor-id=\"48\" class=\"elementor elementor-48\">\n\t\t\t\t<div class=\"elementor-element elementor-element-f4edc0d e-flex e-con-boxed e-con e-parent\" data-id=\"f4edc0d\" data-element_type=\"container\">\n\t\t\t\t\t<div class=\"e-con-inner\">\n\t\t\t\t<div class=\"elementor-element elementor-element-837636d elementor-widget elementor-widget-heading\" data-id=\"837636d\" data-element_type=\"widget\" data-widget_type=\"heading.default\">\n\t\t\t\t<div class=\"elementor-widget-container\">\n\t\t\t\t\t<h4 class=\"elementor-heading-title elementor-size-default\">Finde dein Gleichgewicht \u2013 Yoga f\u00fcr K\u00f6rper und Geist<\/h4>\t\t\t\t<\/div>\n\t\t\t\t<\/div>\n\t\t\t\t\t<\/div>\n\t\t\t\t<\/div>\n\t\t<div class=\"elementor-element elementor-element-ec0f998 e-flex e-con-boxed e-con e-parent\" data-id=\"ec0f998\" data-element_type=\"container\">\n\t\t\t\t\t<div class=\"e-con-inner\">\n\t\t<div class=\"elementor-element elementor-element-9e4a1f4 e-con-full e-flex e-con e-child\" data-id=\"9e4a1f4\" data-element_type=\"container\">\n\t\t\t\t<div class=\"elementor-element elementor-element-6343378 elementor-widget elementor-widget-text-editor\" data-id=\"6343378\" data-element_type=\"widget\" data-widget_type=\"text-editor.default\">\n\t\t\t\t<div class=\"elementor-widget-container\">\n\t\t\t\t\t\t\t\t\t<p class=\"has-text-color\"><strong>Yoga<\/strong> ist so facettenreich wie das Leben selbst. Es bietet die M\u00f6glichkeit, Stress abzubauen, neue Energie zu tanken oder den inneren Kontakt zu sich selbst und der Umwelt zu vertiefen. Egal, ob du Ruhe suchst oder Kraft sch\u00f6pfen m\u00f6chtest \u2013 mein Yoga-Unterricht passt sich deinen individuellen Bed\u00fcrfnissen an.<\/p>\t\t\t\t\t\t\t\t<\/div>\n\t\t\t\t<\/div>\n\t\t\t\t<\/div>\n\t\t<div class=\"elementor-element elementor-element-fd2c1bf e-con-full e-flex e-con e-child\" data-id=\"fd2c1bf\" data-element_type=\"container\">\n\t\t\t\t<div class=\"elementor-element elementor-element-2bd1c23 elementor-widget elementor-widget-button\" data-id=\"2bd1c23\" data-element_type=\"widget\" data-widget_type=\"button.default\">\n\t\t\t\t<div class=\"elementor-widget-container\">\n\t\t\t\t\t\t\t\t\t<div class=\"elementor-button-wrapper\">\n\t\t\t\t\t<a class=\"elementor-button elementor-button-link elementor-size-sm\" href=\"https:\/\/bettinaroessler.com\/index.php\/yoga-stundenplan\/\">\n\t\t\t\t\t\t<span class=\"elementor-button-content-wrapper\">\n\t\t\t\t\t\t\t\t\t<span class=\"elementor-button-text\">Offene Yogastunden<\/span>\n\t\t\t\t\t<\/span>\n\t\t\t\t\t<\/a>\n\t\t\t\t<\/div>\n\t\t\t\t\t\t\t\t<\/div>\n\t\t\t\t<\/div>\n\t\t\t\t<\/div>\n\t\t\t\t\t<\/div>\n\t\t\t\t<\/div>\n\t\t<div class=\"elementor-element elementor-element-e511ee5 e-flex e-con-boxed e-con e-parent\" data-id=\"e511ee5\" data-element_type=\"container\">\n\t\t\t\t\t<div class=\"e-con-inner\">\n\t\t\t\t<div class=\"elementor-element elementor-element-57d37bd elementor-widget elementor-widget-image\" data-id=\"57d37bd\" data-element_type=\"widget\" data-widget_type=\"image.default\">\n\t\t\t\t<div class=\"elementor-widget-container\">\n\t\t\t\t\t\t\t\t\t\t\t\t\t\t\t<img fetchpriority=\"high\" decoding=\"async\" width=\"2560\" height=\"927\" src=\"https:\/\/bettinaroessler.com\/wp-content\/uploads\/2022\/10\/vorlage2222-scaled.jpg\" class=\"attachment-full size-full wp-image-227\" alt=\"\" srcset=\"https:\/\/bettinaroessler.com\/wp-content\/uploads\/2022\/10\/vorlage2222-scaled.jpg 2560w, https:\/\/bettinaroessler.com\/wp-content\/uploads\/2022\/10\/vorlage2222-300x109.jpg 300w, https:\/\/bettinaroessler.com\/wp-content\/uploads\/2022\/10\/vorlage2222-1024x371.jpg 1024w, https:\/\/bettinaroessler.com\/wp-content\/uploads\/2022\/10\/vorlage2222-768x278.jpg 768w, https:\/\/bettinaroessler.com\/wp-content\/uploads\/2022\/10\/vorlage2222-1536x556.jpg 1536w, https:\/\/bettinaroessler.com\/wp-content\/uploads\/2022\/10\/vorlage2222-2048x742.jpg 2048w, https:\/\/bettinaroessler.com\/wp-content\/uploads\/2022\/10\/vorlage2222-scaled-2000x724.jpg 2000w\" sizes=\"100vw\" \/>\t\t\t\t\t\t\t\t\t\t\t\t\t\t\t<\/div>\n\t\t\t\t<\/div>\n\t\t\t\t\t<\/div>\n\t\t\t\t<\/div>\n\t\t<div class=\"elementor-element elementor-element-32fb7aa e-flex e-con-boxed e-con e-parent\" data-id=\"32fb7aa\" data-element_type=\"container\">\n\t\t\t\t\t<div class=\"e-con-inner\">\n\t\t\t\t<div class=\"elementor-element elementor-element-1ab27fd elementor-widget elementor-widget-text-editor\" data-id=\"1ab27fd\" data-element_type=\"widget\" data-widget_type=\"text-editor.default\">\n\t\t\t\t<div class=\"elementor-widget-container\">\n\t\t\t\t\t\t\t\t\t<p class=\"has-text-color\"><strong>Stressbew\u00e4ltigung und innere Balance<\/strong><br \/>In meinen Stunden zeige ich dir alltagstaugliche Techniken, die dir helfen, Stress abzubauen, dein Nervensystem zu beruhigen und dein inneres Gleichgewicht zu finden. Doch keine Sorge, Langeweile kommt dabei nicht auf \u2013 mein Unterricht bietet auch Abwechslung, die stets an dein pers\u00f6nliches Level angepasst sind.<\/p><p class=\"has-text-color\"><strong>Energie tanken und gest\u00e4rkt nach drau\u00dfen gehen<\/strong><br \/>Neben der Entspannung geht es auch darum, neue Energie f\u00fcr deinen Alltag zu gewinnen. Gemeinsam arbeiten wir daran, K\u00f6rper und Geist zu aktivieren, sodass du gest\u00e4rkt und voller Tatendrang deinen Weg gehen kannst. Durch die Kombination k\u00f6rperlicher Praxis und Jahrtausende alter Weisheiten er\u00f6ffnen sich neue Denk- und Lebensans\u00e4tze, die weit \u00fcber die Matte hinaus wirken.<\/p><p class=\"has-text-color\"><strong>F\u00fcr K\u00f6rper und Seele \u2013 eine vielseitige Praxis<\/strong><br \/>F\u00fcr mich ist Yoga eine Reise zur\u00fcck zum eigenen K\u00f6rper, um bewusster und achtsamer mit sich selbst und der Umwelt in Kontakt zu treten. In meinem Unterricht vereine ich Elemente aus Hatha und Vinyasa Flow Yoga, erg\u00e4nzt durch Einfl\u00fcsse aus Yin Yoga, Embodiment und Yoga Nidra \u2013 perfekt abgestimmt auf das, was du gerade brauchst.<\/p><p class=\"has-text-color\"><strong>Qualifizierte Anleitung<\/strong><br \/>Mit einem 200h Yoga Alliance zertifizierten Yoga Teacher Training und jahrelanger Erfahrung im Gep\u00e4ck, freue ich mich, dich in meiner Yogastunde zu begleiten und individuell zu unterst\u00fctzen.<\/p><p class=\"has-text-color\">Ich freue mich darauf, dich auf der Matte begr\u00fc\u00dfen zu d\u00fcrfen. Lass uns gemeinsam deine Yoga-Reise beginnen!<\/p>\t\t\t\t\t\t\t\t<\/div>\n\t\t\t\t<\/div>\n\t\t\t\t\t<\/div>\n\t\t\t\t<\/div>\n\t\t\t\t<\/div>\n\t\t","protected":false},"excerpt":{"rendered":"<p>Finde dein Gleichgewicht \u2013 Yoga f\u00fcr K\u00f6rper und Geist Yoga ist so facettenreich wie das Leben selbst. Es bietet die M\u00f6glichkeit, Stress abzubauen, neue Energie zu tanken oder den inneren Kontakt zu sich selbst und der Umwelt zu vertiefen. Egal, ob du Ruhe suchst oder Kraft sch\u00f6pfen m\u00f6chtest \u2013 mein Yoga-Unterricht passt sich deinen individuellen &hellip; <\/p>\n<p class=\"link-more\"><a href=\"https:\/\/bettinaroessler.com\/index.php\/yoga\/\" class=\"more-link\">Read more<span class=\"screen-reader-text\"> &#8222;Yoga&#8220;<\/span><\/a><\/p>\n","protected":false},"author":1,"featured_media":0,"parent":0,"menu_order":0,"comment_status":"closed","ping_status":"closed","template":"","meta":{"footnotes":""},"class_list":["post-48","page","type-page","status-publish","hentry"],"_links":{"self":[{"href":"https:\/\/bettinaroessler.com\/index.php\/wp-json\/wp\/v2\/pages\/48","targetHints":{"allow":["GET"]}}],"collection":[{"href":"https:\/\/bettinaroessler.com\/index.php\/wp-json\/wp\/v2\/pages"}],"about":[{"href":"https:\/\/bettinaroessler.com\/index.php\/wp-json\/wp\/v2\/types\/page"}],"author":[{"embeddable":true,"href":"https:\/\/bettinaroessler.com\/index.php\/wp-json\/wp\/v2\/users\/1"}],"replies":[{"embeddable":true,"href":"https:\/\/bettinaroessler.com\/index.php\/wp-json\/wp\/v2\/comments?post=48"}],"version-history":[{"count":28,"href":"https:\/\/bettinaroessler.com\/index.php\/wp-json\/wp\/v2\/pages\/48\/revisions"}],"predecessor-version":[{"id":1990,"href":"https:\/\/bettinaroessler.com\/index.php\/wp-json\/wp\/v2\/pages\/48\/revisions\/1990"}],"wp:attachment":[{"href":"https:\/\/bettinaroessler.com\/index.php\/wp-json\/wp\/v2\/media?parent=48"}],"curies":[{"name":"wp","href":"https:\/\/api.w.org\/{rel}","templated":true}]}}