{"id":245,"date":"2022-10-24T17:30:08","date_gmt":"2022-10-24T17:30:08","guid":{"rendered":"https:\/\/bettinaroessler.com\/?page_id=245"},"modified":"2024-10-17T14:38:02","modified_gmt":"2024-10-17T14:38:02","slug":"kostenloses-kennenlerngesprach","status":"publish","type":"page","link":"https:\/\/bettinaroessler.com\/index.php\/kostenloses-kennenlerngesprach\/","title":{"rendered":"kostenloses Kennenlerngespr\u00e4ch"},"content":{"rendered":"\t\t<div data-elementor-type=\"wp-page\" data-elementor-id=\"245\" class=\"elementor elementor-245\">\n\t\t\t\t<div class=\"elementor-element elementor-element-76501c1c e-flex e-con-boxed e-con e-parent\" data-id=\"76501c1c\" data-element_type=\"container\">\n\t\t\t\t\t<div class=\"e-con-inner\">\n\t\t\t\t<div class=\"elementor-element elementor-element-4dc0a09 elementor-widget elementor-widget-text-editor\" data-id=\"4dc0a09\" data-element_type=\"widget\" data-widget_type=\"text-editor.default\">\n\t\t\t\t<div class=\"elementor-widget-container\">\n\t\t\t\t\t\t\t\t\t<p class=\"has-text-color\"><strong>Bist du daran interessiert, im 1:1 Setting mit mir zu arbeiten?<\/strong> Dann lade ich dich herzlich zu einem unverbindlichen und kostenfreien Kennenlerngespr\u00e4ch ein.<\/p>\n<p class=\"has-text-color\">In diesem ersten Gespr\u00e4ch erkunden wir gemeinsam, woran du arbeiten m\u00f6chtest, wie unsere Zusammenarbeit aussehen k\u00f6nnte und legen die Rahmenbedingungen fest. So schaffen wir eine klare Basis f\u00fcr unseren Weg.<\/p>\n<p class=\"has-text-color\">Buch gleich online deinen Termin, oder <a title=\"\" href=\"https:\/\/bettinaroessler.com\/index.php\/buchen\/\">kontaktiere mich<\/a>, wenn du keinen passenden Termin findest.<\/p>\n<p class=\"has-text-color\"><strong>Ich freue mich darauf, dich pers\u00f6nlich kennenzulernen und gemeinsam mit dir deine Ziele anzugehen!<\/strong><\/p>\t\t\t\t\t\t\t\t<\/div>\n\t\t\t\t<\/div>\n\t\t\t\t<div class=\"elementor-element elementor-element-6c0080d8 elementor-widget elementor-widget-text-editor\" data-id=\"6c0080d8\" data-element_type=\"widget\" data-widget_type=\"text-editor.default\">\n\t\t\t\t<div class=\"elementor-widget-container\">\n\t\t\t\t\t\t\t\t\t\n<div class=\"calendly-inline-widget\" style=\"min-width: 320px; height: 700px;\" data-url=\"https:\/\/calendly.com\/bettinaroessler\/15min?background_color=d3d3d3&amp;text_color=640232\">\u00a0<\/div>\n<p><script type=\"text\/javascript\" src=\"https:\/\/assets.calendly.com\/assets\/external\/widget.js\" async=\"\"><\/script><\/p>\n<!-- Calendly inline widget end -->\t\t\t\t\t\t\t\t<\/div>\n\t\t\t\t<\/div>\n\t\t\t\t<div class=\"elementor-element elementor-element-77839a5 elementor-widget elementor-widget-text-editor\" data-id=\"77839a5\" data-element_type=\"widget\" data-widget_type=\"text-editor.default\">\n\t\t\t\t<div class=\"elementor-widget-container\">\n\t\t\t\t\t\t\t\t\t<p><script src=\"https:\/\/assets.calendly.com\/assets\/external\/widget.js\" async=\"\" type=\"text\/javascript\"><\/script><\/p>\t\t\t\t\t\t\t\t<\/div>\n\t\t\t\t<\/div>\n\t\t\t\t\t<\/div>\n\t\t\t\t<\/div>\n\t\t\t\t<\/div>\n\t\t","protected":false},"excerpt":{"rendered":"<p>Bist du daran interessiert, im 1:1 Setting mit mir zu arbeiten? Dann lade ich dich herzlich zu einem unverbindlichen und kostenfreien Kennenlerngespr\u00e4ch ein. In diesem ersten Gespr\u00e4ch erkunden wir gemeinsam, woran du arbeiten m\u00f6chtest, wie unsere Zusammenarbeit aussehen k\u00f6nnte und legen die Rahmenbedingungen fest. So schaffen wir eine klare Basis f\u00fcr unseren Weg. Buch gleich &hellip; <\/p>\n<p class=\"link-more\"><a href=\"https:\/\/bettinaroessler.com\/index.php\/kostenloses-kennenlerngesprach\/\" class=\"more-link\">Read more<span class=\"screen-reader-text\"> &#8222;kostenloses Kennenlerngespr\u00e4ch&#8220;<\/span><\/a><\/p>\n","protected":false},"author":1,"featured_media":0,"parent":0,"menu_order":0,"comment_status":"closed","ping_status":"closed","template":"","meta":{"footnotes":""},"class_list":["post-245","page","type-page","status-publish","hentry"],"_links":{"self":[{"href":"https:\/\/bettinaroessler.com\/index.php\/wp-json\/wp\/v2\/pages\/245","targetHints":{"allow":["GET"]}}],"collection":[{"href":"https:\/\/bettinaroessler.com\/index.php\/wp-json\/wp\/v2\/pages"}],"about":[{"href":"https:\/\/bettinaroessler.com\/index.php\/wp-json\/wp\/v2\/types\/page"}],"author":[{"embeddable":true,"href":"https:\/\/bettinaroessler.com\/index.php\/wp-json\/wp\/v2\/users\/1"}],"replies":[{"embeddable":true,"href":"https:\/\/bettinaroessler.com\/index.php\/wp-json\/wp\/v2\/comments?post=245"}],"version-history":[{"count":22,"href":"https:\/\/bettinaroessler.com\/index.php\/wp-json\/wp\/v2\/pages\/245\/revisions"}],"predecessor-version":[{"id":1147,"href":"https:\/\/bettinaroessler.com\/index.php\/wp-json\/wp\/v2\/pages\/245\/revisions\/1147"}],"wp:attachment":[{"href":"https:\/\/bettinaroessler.com\/index.php\/wp-json\/wp\/v2\/media?parent=245"}],"curies":[{"name":"wp","href":"https:\/\/api.w.org\/{rel}","templated":true}]}}