{"id":180,"date":"2022-10-20T19:39:02","date_gmt":"2022-10-20T19:39:02","guid":{"rendered":"https:\/\/bettinaroessler.com\/?page_id=180"},"modified":"2024-10-17T13:04:36","modified_gmt":"2024-10-17T13:04:36","slug":"mein-angebot","status":"publish","type":"page","link":"https:\/\/bettinaroessler.com\/index.php\/mein-angebot\/","title":{"rendered":"Mein Angebot"},"content":{"rendered":"\t\t<div data-elementor-type=\"wp-page\" data-elementor-id=\"180\" class=\"elementor elementor-180\">\n\t\t\t\t<div class=\"elementor-element elementor-element-df9604c e-flex e-con-boxed e-con e-parent\" data-id=\"df9604c\" data-element_type=\"container\">\n\t\t\t\t\t<div class=\"e-con-inner\">\n\t\t\t\t<div class=\"elementor-element elementor-element-9648631 elementor-widget elementor-widget-heading\" data-id=\"9648631\" data-element_type=\"widget\" data-widget_type=\"heading.default\">\n\t\t\t\t<div class=\"elementor-widget-container\">\n\t\t\t\t\t<h4 class=\"elementor-heading-title elementor-size-default\">Entfalte dein volles Potenzial mit Coaching, Embodiment und Yoga\n<\/h4>\t\t\t\t<\/div>\n\t\t\t\t<\/div>\n\t\t\t\t<div class=\"elementor-element elementor-element-69c05a5 elementor-widget elementor-widget-text-editor\" data-id=\"69c05a5\" data-element_type=\"widget\" data-widget_type=\"text-editor.default\">\n\t\t\t\t<div class=\"elementor-widget-container\">\n\t\t\t\t\t\t\t\t\t<div class=\"wp-block-columns\"><span style=\"color: var( --e-global-color-text ); font-family: var( --e-global-typography-text-font-family ), Sans-serif; text-align: var(--text-align); font-size: 1rem;\">In meinem <\/span><strong style=\"color: var( --e-global-color-text ); font-family: var( --e-global-typography-text-font-family ), Sans-serif; text-align: var(--text-align); font-size: 1rem;\">Coaching &amp; Counseling<\/strong><span style=\"color: var( --e-global-color-text ); font-family: var( --e-global-typography-text-font-family ), Sans-serif; text-align: var(--text-align); font-size: 1rem;\"> biete ich dir eine&nbsp;ganzheitliche Begleitung&nbsp;an, die dich dabei unterst\u00fctzt, Klarheit, innere Balance und tiefe Selbstwahrnehmung zu finden. Ob du pers\u00f6nliche oder berufliche Herausforderungen meistern m\u00f6chtest, gemeinsam entwickeln wir nachhaltige Strategien und neue Perspektiven f\u00fcr dein Leben.<\/span><\/div><div class=\"wp-block-columns\"><span style=\"color: var( --e-global-color-text ); font-family: var( --e-global-typography-text-font-family ), Sans-serif; text-align: var(--text-align); font-size: 1rem;\"><br><\/span><\/div>\n<p class=\"has-text-color\"><strong>Embodiment<\/strong>&nbsp;ist ein weiterer Teil meiner Arbeit. Durch bewusste K\u00f6rperwahrnehmung und Bewegungsarbeit lernst du, tief in deinen K\u00f6rper hineinzusp\u00fcren und die Verbindung zwischen K\u00f6rper und Geist zu st\u00e4rken. Dies erm\u00f6glicht dir, festgefahrene emotionale Muster zu erkennen und durch achtsame Bewegung aufzul\u00f6sen.<\/p>\n<p class=\"has-text-color\"><strong>Yoga<\/strong>&nbsp;kann erg\u00e4nzend als Schl\u00fcssel zur inneren Ruhe dienen. Durch gezielte Atem\u00fcbungen (Pranayama), Meditation und Asanas kannst du Spannungen loslassen, deinen K\u00f6rper kr\u00e4ftigen und gleichzeitig mentale Klarheit erlangen.<\/p>\n<p class=\"has-text-color\"><strong>Warum ganzheitlich?<\/strong>&nbsp;<br>K\u00f6rper, Geist und Seele sind untrennbar miteinander verbunden. In meiner Arbeit verschmelzen Coaching, Embodiment und Yoga zu einem umfassenden Ansatz, der dich in deiner gesamten Tiefe erreicht und dich dabei unterst\u00fctzt, dein Leben mit mehr Achtsamkeit, Gelassenheit und Erf\u00fcllung zu leben.<\/p>\n<p class=\"has-text-color\"><strong>Dein Weg zur Ver\u00e4nderung<\/strong><br>Ob du neue Lebensziele anstrebst, Blockaden l\u00f6sen oder deine Lebensqualit\u00e4t steigern m\u00f6chtest \u2013 ich begleite dich mit Herz, Empathie und einer Kombination aus bew\u00e4hrten Methoden.<\/p>\n<p class=\"has-text-color\"><strong>Finde heraus, was dich st\u00e4rkt und wie du dein volles Potential entfalten kannst.<\/strong><\/p>\t\t\t\t\t\t\t\t<\/div>\n\t\t\t\t<\/div>\n\t\t<div class=\"elementor-element elementor-element-2b20b3a e-con-full e-flex e-con e-child\" data-id=\"2b20b3a\" data-element_type=\"container\">\n\t\t\t\t<\/div>\n\t\t\t\t\t<\/div>\n\t\t\t\t<\/div>\n\t\t\t\t<\/div>\n\t\t","protected":false},"excerpt":{"rendered":"<p>Entfalte dein volles Potenzial mit Coaching, Embodiment und Yoga In meinem Coaching &amp; Counseling biete ich dir eine&nbsp;ganzheitliche Begleitung&nbsp;an, die dich dabei unterst\u00fctzt, Klarheit, innere Balance und tiefe Selbstwahrnehmung zu finden. Ob du pers\u00f6nliche oder berufliche Herausforderungen meistern m\u00f6chtest, gemeinsam entwickeln wir nachhaltige Strategien und neue Perspektiven f\u00fcr dein Leben. Embodiment&nbsp;ist ein weiterer Teil meiner &hellip; <\/p>\n<p class=\"link-more\"><a href=\"https:\/\/bettinaroessler.com\/index.php\/mein-angebot\/\" class=\"more-link\">Read more<span class=\"screen-reader-text\"> &#8222;Mein Angebot&#8220;<\/span><\/a><\/p>\n","protected":false},"author":1,"featured_media":0,"parent":0,"menu_order":0,"comment_status":"closed","ping_status":"closed","template":"","meta":{"footnotes":""},"class_list":["post-180","page","type-page","status-publish","hentry"],"_links":{"self":[{"href":"https:\/\/bettinaroessler.com\/index.php\/wp-json\/wp\/v2\/pages\/180","targetHints":{"allow":["GET"]}}],"collection":[{"href":"https:\/\/bettinaroessler.com\/index.php\/wp-json\/wp\/v2\/pages"}],"about":[{"href":"https:\/\/bettinaroessler.com\/index.php\/wp-json\/wp\/v2\/types\/page"}],"author":[{"embeddable":true,"href":"https:\/\/bettinaroessler.com\/index.php\/wp-json\/wp\/v2\/users\/1"}],"replies":[{"embeddable":true,"href":"https:\/\/bettinaroessler.com\/index.php\/wp-json\/wp\/v2\/comments?post=180"}],"version-history":[{"count":54,"href":"https:\/\/bettinaroessler.com\/index.php\/wp-json\/wp\/v2\/pages\/180\/revisions"}],"predecessor-version":[{"id":1077,"href":"https:\/\/bettinaroessler.com\/index.php\/wp-json\/wp\/v2\/pages\/180\/revisions\/1077"}],"wp:attachment":[{"href":"https:\/\/bettinaroessler.com\/index.php\/wp-json\/wp\/v2\/media?parent=180"}],"curies":[{"name":"wp","href":"https:\/\/api.w.org\/{rel}","templated":true}]}}