{"id":105,"date":"2022-10-13T14:53:30","date_gmt":"2022-10-13T14:53:30","guid":{"rendered":"https:\/\/bettinaroessler.com\/?page_id=105"},"modified":"2024-12-13T12:01:51","modified_gmt":"2024-12-13T12:01:51","slug":"my-startpage","status":"publish","type":"page","link":"https:\/\/bettinaroessler.com\/","title":{"rendered":"Coaching und Counseling f\u00fcr Performancek\u00fcnstler:innen"},"content":{"rendered":"\t\t<div data-elementor-type=\"wp-page\" data-elementor-id=\"105\" class=\"elementor elementor-105\">\n\t\t\t\t<div class=\"elementor-element elementor-element-eabe3fe e-flex e-con-boxed e-con e-parent\" data-id=\"eabe3fe\" data-element_type=\"container\">\n\t\t\t\t\t<div class=\"e-con-inner\">\n\t\t\t\t<div class=\"elementor-element elementor-element-6323ecb elementor-widget elementor-widget-heading\" data-id=\"6323ecb\" data-element_type=\"widget\" data-widget_type=\"heading.default\">\n\t\t\t\t<div class=\"elementor-widget-container\">\n\t\t\t\t\t<h2 class=\"elementor-heading-title elementor-size-default\">Sch\u00f6n, dass du zu mir gefunden hast!<\/h2>\t\t\t\t<\/div>\n\t\t\t\t<\/div>\n\t\t\t\t\t<\/div>\n\t\t\t\t<\/div>\n\t\t<div class=\"elementor-element elementor-element-e9afcaf e-flex e-con-boxed e-con e-parent\" data-id=\"e9afcaf\" data-element_type=\"container\">\n\t\t\t\t\t<div class=\"e-con-inner\">\n\t\t<div class=\"elementor-element elementor-element-b2094fd e-con-full e-flex e-con e-child\" data-id=\"b2094fd\" data-element_type=\"container\">\n\t\t\t\t<div class=\"elementor-element elementor-element-8f5be50 elementor-widget elementor-widget-text-editor\" data-id=\"8f5be50\" data-element_type=\"widget\" data-widget_type=\"text-editor.default\">\n\t\t\t\t<div class=\"elementor-widget-container\">\n\t\t\t\t\t\t\t\t\t<p>Ich freue mich sehr, dass du da bist!<\/p><div class=\"group\/conversation-turn relative flex w-full min-w-0 flex-col agent-turn\"><div class=\"flex-col gap-1 md:gap-3\"><div class=\"flex max-w-full flex-col flex-grow\"><div class=\"min-h-8 text-message flex w-full flex-col items-end gap-2 whitespace-normal break-words [.text-message+&amp;]:mt-5\" dir=\"auto\" data-message-author-role=\"assistant\" data-message-id=\"cb41394f-2a10-420a-aa2b-6e97f2fd216e\" data-message-model-slug=\"gpt-4o\"><div class=\"flex w-full flex-col gap-1 empty:hidden first:pt-[3px]\"><div class=\"markdown prose w-full break-words dark:prose-invert light\"><p>Hier\u00a0findest du einen Raum, in dem es nur um dich geht: Um deine Balance, um deinen kreativen Flow und darum, dass du dich in deinem gesamten Leben \u2013 auf und hinter der B\u00fchne \u2013 voll entfalten kannst.<\/p><p>Entdecke, wie ich dich begleiten kann, um\u00a0dein Leben abseits der Auftritte ins Gleichgewicht zu bringen,\u00a0damit du mit noch mehr Freude und Leichtigkeit auf der B\u00fchne gl\u00e4nzen kannst.\u00a0Denn du verdienst es, mit deiner Kunst zu strahlen \u2013 und ich bin hier, um dich auf diesem Weg zu unterst\u00fctzen.<\/p><\/div><\/div><\/div><\/div><\/div><\/div>\t\t\t\t\t\t\t\t<\/div>\n\t\t\t\t<\/div>\n\t\t\t\t<\/div>\n\t\t<div class=\"elementor-element elementor-element-9e0b7d2 e-con-full e-flex e-con e-child\" data-id=\"9e0b7d2\" data-element_type=\"container\">\n\t\t\t\t<div class=\"elementor-element elementor-element-d9ac574 content-align-cta-center elementor-invisible elementor-widget elementor-widget-eael-cta-box\" data-id=\"d9ac574\" data-element_type=\"widget\" data-settings=\"{&quot;_animation&quot;:&quot;fadeIn&quot;}\" data-widget_type=\"eael-cta-box.default\">\n\t\t\t\t<div class=\"elementor-widget-container\">\n\t\t\t\t\t\t\t<div class=\"eael-call-to-action cta-basic bg-lite cta-preset-1\">\n        <h4 class=\"title eael-cta-heading\">Du sehnst dich nach Ver\u00e4nderung?<\/h4><p>Dann buche dein<\/p><a href=\"https:\/\/bettinaroessler.com\/index.php\/kostenloses-kennenlerngesprach\/\" target=\"_blank\" class=\"cta-button cta-preset-1  \">kostenloses Erstgespr\u00e4ch<\/a>\t<\/div>\n\t\t\t\t\t\t\t\t<\/div>\n\t\t\t\t<\/div>\n\t\t\t\t<\/div>\n\t\t\t\t\t<\/div>\n\t\t\t\t<\/div>\n\t\t<div class=\"elementor-element elementor-element-e7f3886 e-flex e-con-boxed e-con e-parent\" data-id=\"e7f3886\" data-element_type=\"container\">\n\t\t\t\t\t<div class=\"e-con-inner\">\n\t\t<div class=\"elementor-element elementor-element-8135d20 e-con-full e-flex e-con e-child\" data-id=\"8135d20\" data-element_type=\"container\">\n\t\t\t\t<div class=\"elementor-element elementor-element-dfc3674 elementor-widget elementor-widget-image\" data-id=\"dfc3674\" data-element_type=\"widget\" data-widget_type=\"image.default\">\n\t\t\t\t<div class=\"elementor-widget-container\">\n\t\t\t\t\t\t\t\t\t\t\t\t\t\t\t\t<a href=\"https:\/\/bettinaroessler.com\/index.php\/coaching\/\">\n\t\t\t\t\t\t\t<img fetchpriority=\"high\" decoding=\"async\" width=\"300\" height=\"200\" src=\"https:\/\/bettinaroessler.com\/wp-content\/uploads\/2022\/11\/MG_3274-b-300x200.jpg\" class=\"attachment-medium size-medium wp-image-386\" alt=\"\" srcset=\"https:\/\/bettinaroessler.com\/wp-content\/uploads\/2022\/11\/MG_3274-b-300x200.jpg 300w, https:\/\/bettinaroessler.com\/wp-content\/uploads\/2022\/11\/MG_3274-b-1024x683.jpg 1024w, https:\/\/bettinaroessler.com\/wp-content\/uploads\/2022\/11\/MG_3274-b-768x512.jpg 768w, https:\/\/bettinaroessler.com\/wp-content\/uploads\/2022\/11\/MG_3274-b-1536x1024.jpg 1536w, https:\/\/bettinaroessler.com\/wp-content\/uploads\/2022\/11\/MG_3274-b-2048x1365.jpg 2048w, https:\/\/bettinaroessler.com\/wp-content\/uploads\/2022\/11\/MG_3274-b-2000x1333.jpg 2000w\" sizes=\"100vw\" \/>\t\t\t\t\t\t\t\t<\/a>\n\t\t\t\t\t\t\t\t\t\t\t\t\t\t\t<\/div>\n\t\t\t\t<\/div>\n\t\t\t\t<div class=\"elementor-element elementor-element-a986c69 elementor-widget elementor-widget-heading\" data-id=\"a986c69\" data-element_type=\"widget\" data-widget_type=\"heading.default\">\n\t\t\t\t<div class=\"elementor-widget-container\">\n\t\t\t\t\t<h4 class=\"elementor-heading-title elementor-size-default\"><a href=\"https:\/\/bettinaroessler.com\/index.php\/coaching\/\">Coaching &amp; Counseling<\/a><\/h4>\t\t\t\t<\/div>\n\t\t\t\t<\/div>\n\t\t\t\t<div class=\"elementor-element elementor-element-d390260 elementor-widget elementor-widget-text-editor\" data-id=\"d390260\" data-element_type=\"widget\" data-widget_type=\"text-editor.default\">\n\t\t\t\t<div class=\"elementor-widget-container\">\n\t\t\t\t\t\t\t\t\t<p class=\"has-small-font-size\">bietet dir eine\u00a0ganzheitliche Begleitung\u00a0an, die dich dabei unterst\u00fctzt, Klarheit, innere Balance und tiefe Selbstwahrnehmung zu erlangen. Ob du pers\u00f6nliche oder berufliche Herausforderungen meistern m\u00f6chtest, gemeinsam entwickeln wir nachhaltige Strategien und neue Perspektiven f\u00fcr dein Leben.<br \/><a href=\"https:\/\/bettinaroessler.com\/index.php\/coaching\/\">Mehr&#8230;\u00a0<\/a><\/p>\n<div>\u00a0<\/div>\t\t\t\t\t\t\t\t<\/div>\n\t\t\t\t<\/div>\n\t\t\t\t<\/div>\n\t\t<div class=\"elementor-element elementor-element-88f3b7d e-con-full e-flex e-con e-child\" data-id=\"88f3b7d\" data-element_type=\"container\">\n\t\t\t\t<\/div>\n\t\t<div class=\"elementor-element elementor-element-5ffb0a9 e-con-full e-flex e-con e-child\" data-id=\"5ffb0a9\" data-element_type=\"container\">\n\t\t\t\t<div class=\"elementor-element elementor-element-fba2be1 elementor-widget elementor-widget-image\" data-id=\"fba2be1\" data-element_type=\"widget\" data-widget_type=\"image.default\">\n\t\t\t\t<div class=\"elementor-widget-container\">\n\t\t\t\t\t\t\t\t\t\t\t\t\t\t\t\t<a href=\"https:\/\/bettinaroessler.com\/index.php\/embodiment\/\">\n\t\t\t\t\t\t\t<img decoding=\"async\" width=\"300\" height=\"200\" src=\"https:\/\/bettinaroessler.com\/wp-content\/uploads\/2022\/10\/IMG_5237-300x200.jpg\" class=\"attachment-medium size-medium wp-image-218\" alt=\"\" srcset=\"https:\/\/bettinaroessler.com\/wp-content\/uploads\/2022\/10\/IMG_5237-300x200.jpg 300w, https:\/\/bettinaroessler.com\/wp-content\/uploads\/2022\/10\/IMG_5237-1024x683.jpg 1024w, https:\/\/bettinaroessler.com\/wp-content\/uploads\/2022\/10\/IMG_5237-768x512.jpg 768w, https:\/\/bettinaroessler.com\/wp-content\/uploads\/2022\/10\/IMG_5237-1536x1024.jpg 1536w, https:\/\/bettinaroessler.com\/wp-content\/uploads\/2022\/10\/IMG_5237-2048x1365.jpg 2048w, https:\/\/bettinaroessler.com\/wp-content\/uploads\/2022\/10\/IMG_5237-scaled-2000x1334.jpg 2000w\" sizes=\"100vw\" \/>\t\t\t\t\t\t\t\t<\/a>\n\t\t\t\t\t\t\t\t\t\t\t\t\t\t\t<\/div>\n\t\t\t\t<\/div>\n\t\t\t\t<div class=\"elementor-element elementor-element-1accf6e elementor-widget elementor-widget-heading\" data-id=\"1accf6e\" data-element_type=\"widget\" data-widget_type=\"heading.default\">\n\t\t\t\t<div class=\"elementor-widget-container\">\n\t\t\t\t\t<h4 class=\"elementor-heading-title elementor-size-default\"><a href=\"https:\/\/bettinaroessler.com\/index.php\/embodiment\/\">Embodiment<\/a><\/h4>\t\t\t\t<\/div>\n\t\t\t\t<\/div>\n\t\t\t\t<div class=\"elementor-element elementor-element-337ffe0 elementor-widget elementor-widget-text-editor\" data-id=\"337ffe0\" data-element_type=\"widget\" data-widget_type=\"text-editor.default\">\n\t\t\t\t<div class=\"elementor-widget-container\">\n\t\t\t\t\t\t\t\t\t<p class=\"has-small-font-size\">lehrt dich bewusste K\u00f6rperwahrnehmung und Bewegungsarbeit. So kannst du tief in deinen K\u00f6rper hineinsp\u00fcren und die Verbindung zwischen K\u00f6rper, Geist und Gef\u00fchlen st\u00e4rken. Dies erm\u00f6glicht dir, festgefahrene emotionale Muster zu erkennen und durch achtsame Bewegung aufzul\u00f6sen.<br \/><a href=\"https:\/\/bettinaroessler.com\/index.php\/embodiment\/\">Mehr&#8230;<\/a><\/p>\t\t\t\t\t\t\t\t<\/div>\n\t\t\t\t<\/div>\n\t\t\t\t<\/div>\n\t\t\t\t\t<\/div>\n\t\t\t\t<\/div>\n\t\t<div class=\"elementor-element elementor-element-661c986 e-flex e-con-boxed e-con e-parent\" data-id=\"661c986\" data-element_type=\"container\">\n\t\t\t\t\t<div class=\"e-con-inner\">\n\t\t<div class=\"elementor-element elementor-element-a4b0e65 e-con-full e-flex e-con e-child\" data-id=\"a4b0e65\" data-element_type=\"container\">\n\t\t\t\t<div class=\"elementor-element elementor-element-129d34d elementor-widget__width-initial elementor-widget elementor-widget-heading\" data-id=\"129d34d\" data-element_type=\"widget\" data-widget_type=\"heading.default\">\n\t\t\t\t<div class=\"elementor-widget-container\">\n\t\t\t\t\t<h2 class=\"elementor-heading-title elementor-size-default\">Kennst du schon meinen Blog?<\/h2>\t\t\t\t<\/div>\n\t\t\t\t<\/div>\n\t\t\t\t<\/div>\n\t\t<div class=\"elementor-element elementor-element-90f8405 e-con-full e-flex e-con e-child\" data-id=\"90f8405\" data-element_type=\"container\">\n\t\t\t\t<div class=\"elementor-element elementor-element-b522073 content-align-cta-default elementor-widget elementor-widget-eael-cta-box\" data-id=\"b522073\" data-element_type=\"widget\" data-widget_type=\"eael-cta-box.default\">\n\t\t\t\t<div class=\"elementor-widget-container\">\n\t\t\t\t\t\t\t<div class=\"eael-call-to-action cta-basic bg-lite cta-preset-1\">\n        <h2 class=\"title eael-cta-heading\"> Art-Life Balance<\/h2><p>Der Blog f\u00fcr deinen Rhythmus zwischen Kunst und Alltag<\/p><a href=\"https:\/\/bettinaroessler.com\/index.php\/art-life-balance\/\" class=\"cta-button cta-preset-1  \">BLOG<\/a>\t<\/div>\n\t\t\t\t\t\t\t\t<\/div>\n\t\t\t\t<\/div>\n\t\t\t\t<\/div>\n\t\t<div class=\"elementor-element elementor-element-ad96ef9 e-con-full e-flex e-con e-child\" data-id=\"ad96ef9\" data-element_type=\"container\">\n\t\t\t\t<div class=\"elementor-element elementor-element-942d26e elementor-widget elementor-widget-image\" data-id=\"942d26e\" data-element_type=\"widget\" data-widget_type=\"image.default\">\n\t\t\t\t<div class=\"elementor-widget-container\">\n\t\t\t\t\t\t\t\t\t\t\t\t\t\t\t<img decoding=\"async\" width=\"200\" height=\"203\" src=\"https:\/\/bettinaroessler.com\/wp-content\/uploads\/2024\/11\/200x200.jpg\" class=\"attachment-medium size-medium wp-image-1607\" alt=\"\" sizes=\"100vw\" \/>\t\t\t\t\t\t\t\t\t\t\t\t\t\t\t<\/div>\n\t\t\t\t<\/div>\n\t\t\t\t<\/div>\n\t\t\t\t\t<\/div>\n\t\t\t\t<\/div>\n\t\t<div class=\"elementor-element elementor-element-6a9291f e-flex e-con-boxed e-con e-parent\" data-id=\"6a9291f\" data-element_type=\"container\">\n\t\t\t\t\t<div class=\"e-con-inner\">\n\t\t\t\t<div class=\"elementor-element elementor-element-bb581f0 eael-infobox-icon-bg-shape-circle eael-infobox-content-align--center eael-infobox-icon-hover-bg-shape-none elementor-widget elementor-widget-eael-info-box\" data-id=\"bb581f0\" data-element_type=\"widget\" data-widget_type=\"eael-info-box.default\">\n\t\t\t\t<div class=\"elementor-widget-container\">\n\t\t\t\t\t        <div class=\"eael-infobox icon-on-top\">\n\t            <div class=\"infobox-icon eael-icon-only\">\n\n            \n                            <div class=\"infobox-icon-wrap\">\n                    <i aria-hidden=\"true\" class=\"fas fa-network-wired\"><\/i>                <\/div>\n            \n            \n        <\/div>\n            <div class=\"infobox-content eael-icon-only\">\n                    <div class=\"infobox-title-section\">\n                <h2 class=\"title\">Let's connect<\/h2>            <\/div>\n            <div><p>Mag. Bettina R\u00f6ssler<br \/>Coaching | Counseling | Embodiment<\/p>\n<p>E-Mail: <a href=\"mailto:office@bettinaroessler.com\">office@bettinaroessler.com<\/a>\u00a0<br \/>Telefon\/Whatsapp: +43 677 677 010 11\u00a0<\/p>\n<p><a href=\"https:\/\/www.instagram.com\/_bettinaroessler_\/\"><img loading=\"lazy\" decoding=\"async\" class=\"wp-image-295\" src=\"https:\/\/bettinaroessler.com\/wp-content\/uploads\/2022\/10\/Instagram_Glyph_Gradient-1-150x150.png\" alt=\"\" width=\"71\" height=\"71\" srcset=\"https:\/\/bettinaroessler.com\/wp-content\/uploads\/2022\/10\/Instagram_Glyph_Gradient-1-150x150.png 150w, https:\/\/bettinaroessler.com\/wp-content\/uploads\/2022\/10\/Instagram_Glyph_Gradient-1-300x300.png 300w, https:\/\/bettinaroessler.com\/wp-content\/uploads\/2022\/10\/Instagram_Glyph_Gradient-1-1024x1024.png 1024w, https:\/\/bettinaroessler.com\/wp-content\/uploads\/2022\/10\/Instagram_Glyph_Gradient-1-768x768.png 768w, https:\/\/bettinaroessler.com\/wp-content\/uploads\/2022\/10\/Instagram_Glyph_Gradient-1-1536x1536.png 1536w, https:\/\/bettinaroessler.com\/wp-content\/uploads\/2022\/10\/Instagram_Glyph_Gradient-1-2048x2048.png 2048w, https:\/\/bettinaroessler.com\/wp-content\/uploads\/2022\/10\/Instagram_Glyph_Gradient-1-960x960.png 960w, https:\/\/bettinaroessler.com\/wp-content\/uploads\/2022\/10\/Instagram_Glyph_Gradient-1-140x140.png 140w, https:\/\/bettinaroessler.com\/wp-content\/uploads\/2022\/10\/Instagram_Glyph_Gradient-1-50x50.png 50w, https:\/\/bettinaroessler.com\/wp-content\/uploads\/2022\/10\/Instagram_Glyph_Gradient-1-666x666.png 666w, https:\/\/bettinaroessler.com\/wp-content\/uploads\/2022\/10\/Instagram_Glyph_Gradient-1-80x80.png 80w\" sizes=\"(max-width: 71px) 100vw, 71px\" \/><\/a><\/p>\n<p>\u00a0<\/p>\n<p><!-- \/wp:image --><!-- wp:image {\"align\":\"left\",\"id\":295,\"width\":71,\"height\":71,\"sizeSlug\":\"thumbnail\",\"linkDestination\":\"custom\"} --><\/p><\/div>        <\/div>\n            <\/div>\n\n\t\t\t\t\t\t<\/div>\n\t\t\t\t<\/div>\n\t\t\t\t\t<\/div>\n\t\t\t\t<\/div>\n\t\t<div class=\"elementor-element elementor-element-980fbcd e-flex e-con-boxed e-con e-parent\" data-id=\"980fbcd\" data-element_type=\"container\">\n\t\t\t\t\t<div class=\"e-con-inner\">\n\t\t\t\t<div class=\"elementor-element elementor-element-ee0fd0f elementor-widget elementor-widget-heading\" data-id=\"ee0fd0f\" data-element_type=\"widget\" data-widget_type=\"heading.default\">\n\t\t\t\t<div class=\"elementor-widget-container\">\n\t\t\t\t\t<h2 class=\"elementor-heading-title elementor-size-default\">Das sagen meine Klient:innen \u00fcber unsere Zusammenarbeit<\/h2>\t\t\t\t<\/div>\n\t\t\t\t<\/div>\n\t\t\t\t\t<\/div>\n\t\t\t\t<\/div>\n\t\t<div class=\"elementor-element elementor-element-391ccc9 e-flex e-con-boxed e-con e-parent\" data-id=\"391ccc9\" data-element_type=\"container\">\n\t\t\t\t\t<div class=\"e-con-inner\">\n\t\t<div class=\"elementor-element elementor-element-dc36c1b e-con-full e-flex e-con e-child\" data-id=\"dc36c1b\" data-element_type=\"container\">\n\t\t\t\t<div class=\"elementor-element elementor-element-8fa6894 elementor-widget elementor-widget-testimonial\" data-id=\"8fa6894\" data-element_type=\"widget\" data-widget_type=\"testimonial.default\">\n\t\t\t\t<div class=\"elementor-widget-container\">\n\t\t\t\t\t\t\t<div class=\"elementor-testimonial-wrapper\">\n\t\t\t\t\t\t\t<div class=\"elementor-testimonial-content\">Vor einiger Zeit habe ich gemerkt, dass ich mich nicht richtig organisiert bekomme &amp; dann kaum noch Zeit &amp; vor allem Energie f\u00fcr die sch\u00f6nen Dinge des Lebens hatte. Bettina hat mir genau dabei dann geholfen und mich sehen lassen, wo ich mir vieles erleichtern kann. \nSeit dem geht es mir viel besser, ich starte meine Tage nicht mehr super gestresst und hab jetzt tats\u00e4chlich sogar Zeit f\u00fcr meine kreativen Hobbies!! Und das, ohne schlechtes Gewissen. \ud83d\ude0d Tausend Dank an Bettina, ich m\u00f6chte die Beratung von ihr nicht missen \ud83e\udef6\ud83c\udffc<\/div>\n\t\t\t\n\t\t\t\t\t\t<div class=\"elementor-testimonial-meta\">\n\t\t\t\t<div class=\"elementor-testimonial-meta-inner\">\n\t\t\t\t\t\n\t\t\t\t\t\t\t\t\t\t<div class=\"elementor-testimonial-details\">\n\t\t\t\t\t\t\t\t\t\t\t\t\t\t<div class=\"elementor-testimonial-name\">M.L.<\/div>\n\t\t\t\t\t\t\t\t\t\t\t\t\t\t\t\t\t\t\t<\/div>\n\t\t\t\t\t\t\t\t\t<\/div>\n\t\t\t<\/div>\n\t\t\t\t\t<\/div>\n\t\t\t\t\t\t<\/div>\n\t\t\t\t<\/div>\n\t\t\t\t<\/div>\n\t\t<div class=\"elementor-element elementor-element-e62759a e-con-full e-flex e-con e-child\" data-id=\"e62759a\" data-element_type=\"container\">\n\t\t\t\t<\/div>\n\t\t<div class=\"elementor-element elementor-element-23b7cd5 e-con-full e-flex e-con e-child\" data-id=\"23b7cd5\" data-element_type=\"container\">\n\t\t\t\t<div class=\"elementor-element elementor-element-d911d5e elementor-widget elementor-widget-testimonial\" data-id=\"d911d5e\" data-element_type=\"widget\" data-widget_type=\"testimonial.default\">\n\t\t\t\t<div class=\"elementor-widget-container\">\n\t\t\t\t\t\t\t<div class=\"elementor-testimonial-wrapper\">\n\t\t\t\t\t\t\t<div class=\"elementor-testimonial-content\">Ich arbeite bereits einige Zeit mit Bettina zusammen und ich k\u00f6nnte nicht dankbarer sein f\u00fcr all das was ich dadurch gelernt habe. Zum ersten Mal f\u00fchle ich mich wirklich total gut aufgehoben und wohl mit jemanden \u00fcber alles zu reden. Sie ist ein wahnsinnig authentischer und einf\u00fchlsamer Mensch und ich freu mich jedes Mal auf die n\u00e4chste Session und neue Erkenntnise mit ihr.\nDiese Begegnung war definitiv Schicksal!<br>\n<br>\nEin aufrichtiges DANKE an dich und deine Arbeit<img decoding=\"async\" role=\"img\" class=\"emoji\" alt=\"\u2764\ufe0f\" src=\"https:\/\/s.w.org\/images\/core\/emoji\/15.0.3\/svg\/2764.svg\"><\/div>\n\t\t\t\n\t\t\t\t\t\t<div class=\"elementor-testimonial-meta\">\n\t\t\t\t<div class=\"elementor-testimonial-meta-inner\">\n\t\t\t\t\t\n\t\t\t\t\t\t\t\t\t\t<div class=\"elementor-testimonial-details\">\n\t\t\t\t\t\t\t\t\t\t\t\t\t\t<div class=\"elementor-testimonial-name\">M.H.<\/div>\n\t\t\t\t\t\t\t\t\t\t\t\t\t\t\t\t\t\t\t<\/div>\n\t\t\t\t\t\t\t\t\t<\/div>\n\t\t\t<\/div>\n\t\t\t\t\t<\/div>\n\t\t\t\t\t\t<\/div>\n\t\t\t\t<\/div>\n\t\t\t\t<\/div>\n\t\t\t\t\t<\/div>\n\t\t\t\t<\/div>\n\t\t<div class=\"elementor-element elementor-element-9a077ef e-flex e-con-boxed e-con e-parent\" data-id=\"9a077ef\" data-element_type=\"container\">\n\t\t\t\t\t<div class=\"e-con-inner\">\n\t\t\t\t<div class=\"elementor-element elementor-element-a3527ae elementor-widget elementor-widget-image\" data-id=\"a3527ae\" data-element_type=\"widget\" data-widget_type=\"image.default\">\n\t\t\t\t<div class=\"elementor-widget-container\">\n\t\t\t\t\t\t\t\t\t\t\t\t\t\t\t\t<a href=\"https:\/\/bettinaroessler.com\/index.php\/embodiment\/\">\n\t\t\t\t\t\t\t<img loading=\"lazy\" decoding=\"async\" width=\"150\" height=\"150\" src=\"https:\/\/bettinaroessler.com\/wp-content\/uploads\/2024\/11\/Non-Linear_Movement_Method_Badge_Grey_Screen_Use-Kopie-150x150.jpg\" class=\"attachment-thumbnail size-thumbnail wp-image-1518\" alt=\"\" srcset=\"https:\/\/bettinaroessler.com\/wp-content\/uploads\/2024\/11\/Non-Linear_Movement_Method_Badge_Grey_Screen_Use-Kopie-150x150.jpg 150w, https:\/\/bettinaroessler.com\/wp-content\/uploads\/2024\/11\/elementor\/thumbs\/Non-Linear_Movement_Method_Badge_Grey_Screen_Use-Kopie-150x150.jpg 100w, https:\/\/bettinaroessler.com\/wp-content\/uploads\/2024\/11\/Non-Linear_Movement_Method_Badge_Grey_Screen_Use-Kopie.jpg 436w\" sizes=\"100vw\" \/>\t\t\t\t\t\t\t\t<\/a>\n\t\t\t\t\t\t\t\t\t\t\t\t\t\t\t<\/div>\n\t\t\t\t<\/div>\n\t\t\t\t\t<\/div>\n\t\t\t\t<\/div>\n\t\t\t\t<\/div>\n\t\t","protected":false},"excerpt":{"rendered":"<p>Sch\u00f6n, dass du zu mir gefunden hast! Ich freue mich sehr, dass du da bist! Hier\u00a0findest du einen Raum, in dem es nur um dich geht: Um deine Balance, um deinen kreativen Flow und darum, dass du dich in deinem gesamten Leben \u2013 auf und hinter der B\u00fchne \u2013 voll entfalten kannst. Entdecke, wie ich &hellip; <\/p>\n<p class=\"link-more\"><a href=\"https:\/\/bettinaroessler.com\/\" class=\"more-link\">Read more<span class=\"screen-reader-text\"> &#8222;Coaching und Counseling f\u00fcr Performancek\u00fcnstler:innen&#8220;<\/span><\/a><\/p>\n","protected":false},"author":1,"featured_media":1667,"parent":0,"menu_order":0,"comment_status":"closed","ping_status":"closed","template":"","meta":{"footnotes":""},"class_list":["post-105","page","type-page","status-publish","has-post-thumbnail","hentry"],"_links":{"self":[{"href":"https:\/\/bettinaroessler.com\/index.php\/wp-json\/wp\/v2\/pages\/105","targetHints":{"allow":["GET"]}}],"collection":[{"href":"https:\/\/bettinaroessler.com\/index.php\/wp-json\/wp\/v2\/pages"}],"about":[{"href":"https:\/\/bettinaroessler.com\/index.php\/wp-json\/wp\/v2\/types\/page"}],"author":[{"embeddable":true,"href":"https:\/\/bettinaroessler.com\/index.php\/wp-json\/wp\/v2\/users\/1"}],"replies":[{"embeddable":true,"href":"https:\/\/bettinaroessler.com\/index.php\/wp-json\/wp\/v2\/comments?post=105"}],"version-history":[{"count":269,"href":"https:\/\/bettinaroessler.com\/index.php\/wp-json\/wp\/v2\/pages\/105\/revisions"}],"predecessor-version":[{"id":2169,"href":"https:\/\/bettinaroessler.com\/index.php\/wp-json\/wp\/v2\/pages\/105\/revisions\/2169"}],"wp:featuredmedia":[{"embeddable":true,"href":"https:\/\/bettinaroessler.com\/index.php\/wp-json\/wp\/v2\/media\/1667"}],"wp:attachment":[{"href":"https:\/\/bettinaroessler.com\/index.php\/wp-json\/wp\/v2\/media?parent=105"}],"curies":[{"name":"wp","href":"https:\/\/api.w.org\/{rel}","templated":true}]}}